{"id":8,"date":"2025-03-19T18:01:58","date_gmt":"2025-03-19T18:01:58","guid":{"rendered":"https:\/\/servhirugo.com\/?page_id=8"},"modified":"2025-12-02T16:01:56","modified_gmt":"2025-12-02T16:01:56","slug":"home","status":"publish","type":"page","link":"https:\/\/servhirugo.com\/","title":{"rendered":"Home"},"content":{"rendered":"\t\t<div data-elementor-type=\"wp-page\" data-elementor-id=\"8\" class=\"elementor elementor-8\" data-elementor-post-type=\"page\">\n\t\t\t\t<div class=\"elementor-element elementor-element-2b813c03 e-con-full e-flex e-con e-parent\" data-id=\"2b813c03\" data-element_type=\"container\" id=\"home\">\n\t\t\t\t<div class=\"elementor-element elementor-element-7a3a4295 elementor-widget__width-initial elementor-widget elementor-widget-image\" data-id=\"7a3a4295\" data-element_type=\"widget\" data-widget_type=\"image.default\">\n\t\t\t\t<div class=\"elementor-widget-container\">\n\t\t\t\t\t\t\t\t\t\t\t\t\t\t\t<img fetchpriority=\"high\" decoding=\"async\" width=\"1920\" height=\"600\" src=\"https:\/\/servhirugo.com\/wp-content\/uploads\/2025\/03\/BANNER-1.jpg\" class=\"attachment-full size-full wp-image-48\" alt=\"\" srcset=\"https:\/\/servhirugo.com\/wp-content\/uploads\/2025\/03\/BANNER-1.jpg 1920w, https:\/\/servhirugo.com\/wp-content\/uploads\/2025\/03\/BANNER-1-300x94.jpg 300w, https:\/\/servhirugo.com\/wp-content\/uploads\/2025\/03\/BANNER-1-1024x320.jpg 1024w, https:\/\/servhirugo.com\/wp-content\/uploads\/2025\/03\/BANNER-1-768x240.jpg 768w, https:\/\/servhirugo.com\/wp-content\/uploads\/2025\/03\/BANNER-1-1536x480.jpg 1536w\" sizes=\"(max-width: 1920px) 100vw, 1920px\" \/>\t\t\t\t\t\t\t\t\t\t\t\t\t\t\t<\/div>\n\t\t\t\t<\/div>\n\t\t\t\t<\/div>\n\t\t<div class=\"elementor-element elementor-element-4bb9592f e-flex e-con-boxed e-con e-parent\" data-id=\"4bb9592f\" data-element_type=\"container\" id=\"nosotros\" data-settings=\"{&quot;background_background&quot;:&quot;classic&quot;,&quot;background_motion_fx_motion_fx_scrolling&quot;:&quot;yes&quot;,&quot;background_motion_fx_translateY_effect&quot;:&quot;yes&quot;,&quot;background_motion_fx_translateY_speed&quot;:{&quot;unit&quot;:&quot;px&quot;,&quot;size&quot;:5.6,&quot;sizes&quot;:[]},&quot;background_motion_fx_opacity_effect&quot;:&quot;yes&quot;,&quot;background_motion_fx_translateY_affectedRange&quot;:{&quot;unit&quot;:&quot;%&quot;,&quot;size&quot;:&quot;&quot;,&quot;sizes&quot;:{&quot;start&quot;:0,&quot;end&quot;:100}},&quot;background_motion_fx_opacity_direction&quot;:&quot;out-in&quot;,&quot;background_motion_fx_opacity_level&quot;:{&quot;unit&quot;:&quot;px&quot;,&quot;size&quot;:10,&quot;sizes&quot;:[]},&quot;background_motion_fx_opacity_range&quot;:{&quot;unit&quot;:&quot;%&quot;,&quot;size&quot;:&quot;&quot;,&quot;sizes&quot;:{&quot;start&quot;:20,&quot;end&quot;:80}},&quot;background_motion_fx_devices&quot;:[&quot;desktop&quot;,&quot;tablet&quot;,&quot;mobile&quot;]}\">\n\t\t\t\t\t<div class=\"e-con-inner\">\n\t\t\t\t<div class=\"elementor-element elementor-element-55f4ea23 elementor-widget elementor-widget-heading\" data-id=\"55f4ea23\" data-element_type=\"widget\" data-widget_type=\"heading.default\">\n\t\t\t\t<div class=\"elementor-widget-container\">\n\t\t\t\t\t<h1 class=\"elementor-heading-title elementor-size-default\"><h3 data-pm-slice=\"1 1 []\">Qui\u00e9nes Somos<span style=\"font-size: 65px;font-weight: 600;letter-spacing: 0px\"><\/span><\/h3><\/h1>\t\t\t\t<\/div>\n\t\t\t\t<\/div>\n\t\t\t\t<div class=\"elementor-element elementor-element-708e2354 elementor-widget elementor-widget-text-editor\" data-id=\"708e2354\" data-element_type=\"widget\" data-widget_type=\"text-editor.default\">\n\t\t\t\t<div class=\"elementor-widget-container\">\n\t\t\t\t\t\t\t\t\t<p data-pm-slice=\"1 1 []\"><strong>SERV HIRUGO S.A. DE C.V.<\/strong> se dedica a la promoci\u00f3n, desarrollo, administraci\u00f3n, operaci\u00f3n, explotaci\u00f3n, compra, venta o arrendamiento de toda clase de negocios relacionados con restaurantes, bares y espect\u00e1culos, as\u00ed como actividades de recreaci\u00f3n y esparcimiento. Nuestro compromiso es ofrecer servicios gastron\u00f3micos de la m\u00e1s alta calidad tanto a nivel nacional como internacional.<\/p>\t\t\t\t\t\t\t\t<\/div>\n\t\t\t\t<\/div>\n\t\t\t\t\t<\/div>\n\t\t\t\t<\/div>\n\t\t<div class=\"elementor-element elementor-element-52d0a254 e-con-full e-flex e-con e-parent\" data-id=\"52d0a254\" data-element_type=\"container\" id=\"services\" data-settings=\"{&quot;background_background&quot;:&quot;classic&quot;}\">\n\t\t<div class=\"elementor-element elementor-element-62176ec7 e-con-full e-flex e-con e-child\" data-id=\"62176ec7\" data-element_type=\"container\">\n\t\t\t\t<div class=\"elementor-element elementor-element-44018373 elementor-widget elementor-widget-heading\" data-id=\"44018373\" data-element_type=\"widget\" data-widget_type=\"heading.default\">\n\t\t\t\t<div class=\"elementor-widget-container\">\n\t\t\t\t\t<h3 class=\"elementor-heading-title elementor-size-default\">Nuestros Servicios<\/h3>\t\t\t\t<\/div>\n\t\t\t\t<\/div>\n\t\t\t\t<div class=\"elementor-element elementor-element-3cccb29b elementor-widget elementor-widget-text-editor\" data-id=\"3cccb29b\" data-element_type=\"widget\" data-widget_type=\"text-editor.default\">\n\t\t\t\t<div class=\"elementor-widget-container\">\n\t\t\t\t\t\t\t\t\t<ul data-spread=\"false\" data-pm-slice=\"3 3 []\"><li><p><strong>Restaurantes, bares y centros de espect\u00e1culos<\/strong>: Operaci\u00f3n y administraci\u00f3n de establecimientos de entretenimiento y gastronom\u00eda.<\/p><\/li><li><p><strong>Comercializaci\u00f3n y distribuci\u00f3n<\/strong>: Importaci\u00f3n, exportaci\u00f3n, empacado, enlatado, producci\u00f3n y procesamiento de productos alimenticios y bebidas.<\/p><\/li><\/ul>\t\t\t\t\t\t\t\t<\/div>\n\t\t\t\t<\/div>\n\t\t\t\t<\/div>\n\t\t<div class=\"elementor-element elementor-element-196864d9 e-con-full e-flex e-con e-child\" data-id=\"196864d9\" data-element_type=\"container\">\n\t\t\t\t<div class=\"elementor-element elementor-element-607dd60d elementor-widget elementor-widget-image\" data-id=\"607dd60d\" data-element_type=\"widget\" data-widget_type=\"image.default\">\n\t\t\t\t<div class=\"elementor-widget-container\">\n\t\t\t\t\t\t\t\t\t\t\t\t\t\t\t<img decoding=\"async\" width=\"800\" height=\"800\" src=\"https:\/\/servhirugo.com\/wp-content\/uploads\/2025\/03\/800x800-2.jpg\" class=\"attachment-large size-large wp-image-52\" alt=\"\" srcset=\"https:\/\/servhirugo.com\/wp-content\/uploads\/2025\/03\/800x800-2.jpg 800w, https:\/\/servhirugo.com\/wp-content\/uploads\/2025\/03\/800x800-2-300x300.jpg 300w, https:\/\/servhirugo.com\/wp-content\/uploads\/2025\/03\/800x800-2-150x150.jpg 150w, https:\/\/servhirugo.com\/wp-content\/uploads\/2025\/03\/800x800-2-768x768.jpg 768w\" sizes=\"(max-width: 800px) 100vw, 800px\" \/>\t\t\t\t\t\t\t\t\t\t\t\t\t\t\t<\/div>\n\t\t\t\t<\/div>\n\t\t\t\t<\/div>\n\t\t\t\t<\/div>\n\t\t<div class=\"elementor-element elementor-element-4f19d65f e-con-full e-flex e-con e-parent\" data-id=\"4f19d65f\" data-element_type=\"container\" data-settings=\"{&quot;background_background&quot;:&quot;classic&quot;}\">\n\t\t<div class=\"elementor-element elementor-element-65e2cea3 e-con-full e-flex e-con e-child\" data-id=\"65e2cea3\" data-element_type=\"container\">\n\t\t\t\t<div class=\"elementor-element elementor-element-101927df elementor-widget elementor-widget-text-editor\" data-id=\"101927df\" data-element_type=\"widget\" data-widget_type=\"text-editor.default\">\n\t\t\t\t<div class=\"elementor-widget-container\">\n\t\t\t\t\t\t\t\t\t<ul data-spread=\"false\" data-pm-slice=\"3 3 []\"><li><p><strong>Suministro de comida y bebidas<\/strong>: Servicio para eventos especiales, restaurantes y empresas.<\/p><\/li><li><p><strong>Venta de mobiliario y accesorios<\/strong>: Distribuci\u00f3n de muebles, equipos y utensilios para cocinas profesionales.<\/p><\/li><\/ul>\t\t\t\t\t\t\t\t<\/div>\n\t\t\t\t<\/div>\n\t\t\t\t<\/div>\n\t\t<div class=\"elementor-element elementor-element-39c91438 e-con-full e-flex e-con e-child\" data-id=\"39c91438\" data-element_type=\"container\">\n\t\t\t\t<div class=\"elementor-element elementor-element-52a4b64e elementor-widget elementor-widget-image\" data-id=\"52a4b64e\" data-element_type=\"widget\" data-widget_type=\"image.default\">\n\t\t\t\t<div class=\"elementor-widget-container\">\n\t\t\t\t\t\t\t\t\t\t\t\t\t\t\t<img decoding=\"async\" width=\"800\" height=\"800\" src=\"https:\/\/servhirugo.com\/wp-content\/uploads\/2025\/03\/800x800-3.jpg\" class=\"attachment-large size-large wp-image-53\" alt=\"\" srcset=\"https:\/\/servhirugo.com\/wp-content\/uploads\/2025\/03\/800x800-3.jpg 800w, https:\/\/servhirugo.com\/wp-content\/uploads\/2025\/03\/800x800-3-300x300.jpg 300w, https:\/\/servhirugo.com\/wp-content\/uploads\/2025\/03\/800x800-3-150x150.jpg 150w, https:\/\/servhirugo.com\/wp-content\/uploads\/2025\/03\/800x800-3-768x768.jpg 768w\" sizes=\"(max-width: 800px) 100vw, 800px\" \/>\t\t\t\t\t\t\t\t\t\t\t\t\t\t\t<\/div>\n\t\t\t\t<\/div>\n\t\t\t\t<\/div>\n\t\t\t\t<\/div>\n\t\t<div class=\"elementor-element elementor-element-74d3b44d e-con-full e-flex e-con e-parent\" data-id=\"74d3b44d\" data-element_type=\"container\" data-settings=\"{&quot;background_background&quot;:&quot;classic&quot;}\">\n\t\t<div class=\"elementor-element elementor-element-fff8388 e-con-full e-flex e-con e-child\" data-id=\"fff8388\" data-element_type=\"container\">\n\t\t\t\t<div class=\"elementor-element elementor-element-a0d8f1 elementor-widget elementor-widget-text-editor\" data-id=\"a0d8f1\" data-element_type=\"widget\" data-widget_type=\"text-editor.default\">\n\t\t\t\t<div class=\"elementor-widget-container\">\n\t\t\t\t\t\t\t\t\t<ul data-spread=\"false\" data-pm-slice=\"3 1 []\"><li><p><strong>Consultor\u00eda y asesor\u00eda<\/strong>: Servicios especializados para empresas de la industria de alimentos y bebidas.<\/p><\/li><li><p><strong>Inversi\u00f3n y adquisici\u00f3n<\/strong>: Compra y participaci\u00f3n en sociedades del sector gastron\u00f3mico y alimenticio.<\/p><\/li><\/ul>\t\t\t\t\t\t\t\t<\/div>\n\t\t\t\t<\/div>\n\t\t\t\t<\/div>\n\t\t<div class=\"elementor-element elementor-element-3ae139d2 e-con-full e-flex e-con e-child\" data-id=\"3ae139d2\" data-element_type=\"container\">\n\t\t\t\t<div class=\"elementor-element elementor-element-33ff7ac9 elementor-widget elementor-widget-image\" data-id=\"33ff7ac9\" data-element_type=\"widget\" data-widget_type=\"image.default\">\n\t\t\t\t<div class=\"elementor-widget-container\">\n\t\t\t\t\t\t\t\t\t\t\t\t\t\t\t<img loading=\"lazy\" decoding=\"async\" width=\"800\" height=\"800\" src=\"https:\/\/servhirugo.com\/wp-content\/uploads\/2025\/03\/800x800-5.jpg\" class=\"attachment-large size-large wp-image-54\" alt=\"\" srcset=\"https:\/\/servhirugo.com\/wp-content\/uploads\/2025\/03\/800x800-5.jpg 800w, https:\/\/servhirugo.com\/wp-content\/uploads\/2025\/03\/800x800-5-300x300.jpg 300w, https:\/\/servhirugo.com\/wp-content\/uploads\/2025\/03\/800x800-5-150x150.jpg 150w, https:\/\/servhirugo.com\/wp-content\/uploads\/2025\/03\/800x800-5-768x768.jpg 768w\" sizes=\"(max-width: 800px) 100vw, 800px\" \/>\t\t\t\t\t\t\t\t\t\t\t\t\t\t\t<\/div>\n\t\t\t\t<\/div>\n\t\t\t\t<\/div>\n\t\t\t\t<\/div>\n\t\t<div class=\"elementor-element elementor-element-84be989 e-con-full e-flex e-con e-parent\" data-id=\"84be989\" data-element_type=\"container\" id=\"testimonials\">\n\t\t<div class=\"elementor-element elementor-element-6c955c90 e-con-full e-flex e-con e-child\" data-id=\"6c955c90\" data-element_type=\"container\" data-settings=\"{&quot;background_background&quot;:&quot;classic&quot;}\">\n\t\t\t\t<div class=\"elementor-element elementor-element-6be4dde5 elementor-widget elementor-widget-heading\" data-id=\"6be4dde5\" data-element_type=\"widget\" data-widget_type=\"heading.default\">\n\t\t\t\t<div class=\"elementor-widget-container\">\n\t\t\t\t\t<h2 class=\"elementor-heading-title elementor-size-default\">Por Qu\u00e9 Elegirnos<\/h2>\t\t\t\t<\/div>\n\t\t\t\t<\/div>\n\t\t\t\t<\/div>\n\t\t\t\t<div class=\"elementor-element elementor-element-8596efc elementor-widget elementor-widget-text-editor\" data-id=\"8596efc\" data-element_type=\"widget\" data-widget_type=\"text-editor.default\">\n\t\t\t\t<div class=\"elementor-widget-container\">\n\t\t\t\t\t\t\t\t\t<ul data-spread=\"false\" data-pm-slice=\"3 3 []\"><li><p><strong>Calidad garantizada<\/strong>: Ingredientes frescos y procesos de alta calidad.<\/p><\/li><li><p><strong>Servicio personalizado<\/strong>: Adaptamos nuestras soluciones a las necesidades del cliente.<\/p><\/li><li><p><strong>Experiencia y profesionalismo<\/strong>: Amplia trayectoria en la industria alimenticia y de bebidas.<\/p><\/li><\/ul>\t\t\t\t\t\t\t\t<\/div>\n\t\t\t\t<\/div>\n\t\t\t\t<\/div>\n\t\t<div class=\"elementor-element elementor-element-561872b1 e-flex e-con-boxed e-con e-parent\" data-id=\"561872b1\" data-element_type=\"container\">\n\t\t\t\t\t<div class=\"e-con-inner\">\n\t\t\t\t<div class=\"elementor-element elementor-element-29a842ae elementor-widget elementor-widget-heading\" data-id=\"29a842ae\" data-element_type=\"widget\" data-widget_type=\"heading.default\">\n\t\t\t\t<div class=\"elementor-widget-container\">\n\t\t\t\t\t<h3 class=\"elementor-heading-title elementor-size-default\">Rese\u00f1as de Clientes<\/h3>\t\t\t\t<\/div>\n\t\t\t\t<\/div>\n\t\t\t\t<div class=\"elementor-element elementor-element-d880569 elementor-widget elementor-widget-spacer\" data-id=\"d880569\" data-element_type=\"widget\" data-widget_type=\"spacer.default\">\n\t\t\t\t<div class=\"elementor-widget-container\">\n\t\t\t\t\t\t\t<div class=\"elementor-spacer\">\n\t\t\t<div class=\"elementor-spacer-inner\"><\/div>\n\t\t<\/div>\n\t\t\t\t\t\t<\/div>\n\t\t\t\t<\/div>\n\t\t\t\t\t<\/div>\n\t\t\t\t<\/div>\n\t\t<div class=\"elementor-element elementor-element-680e46e e-flex e-con-boxed e-con e-parent\" data-id=\"680e46e\" data-element_type=\"container\">\n\t\t\t\t\t<div class=\"e-con-inner\">\n\t\t<div class=\"elementor-element elementor-element-3ddb705 e-con-full e-flex e-con e-child\" data-id=\"3ddb705\" data-element_type=\"container\">\n\t\t\t\t<div class=\"elementor-element elementor-element-c448228 elementor-widget elementor-widget-text-editor\" data-id=\"c448228\" data-element_type=\"widget\" data-widget_type=\"text-editor.default\">\n\t\t\t\t<div class=\"elementor-widget-container\">\n\t\t\t\t\t\t\t\t\t<p data-pm-slice=\"1 3 []\">\u201cLa mejor experiencia gastron\u00f3mica que hemos tenido en un evento. Los sabores, la presentaci\u00f3n y el servicio fueron impecables. Sin duda los volveremos a contratar.\u201d<\/p><ul data-spread=\"false\"><li><p><strong>Mariana G.<\/strong><\/p><\/li><\/ul>\t\t\t\t\t\t\t\t<\/div>\n\t\t\t\t<\/div>\n\t\t\t\t<\/div>\n\t\t<div class=\"elementor-element elementor-element-224dcee e-con-full e-flex e-con e-child\" data-id=\"224dcee\" data-element_type=\"container\">\n\t\t\t\t<div class=\"elementor-element elementor-element-889c726 elementor-widget elementor-widget-text-editor\" data-id=\"889c726\" data-element_type=\"widget\" data-widget_type=\"text-editor.default\">\n\t\t\t\t<div class=\"elementor-widget-container\">\n\t\t\t\t\t\t\t\t\t<p data-pm-slice=\"1 3 []\">\u201cSERV HIRUGO super\u00f3 nuestras expectativas. Nos ayudaron a elegir el men\u00fa perfecto y la comida fue espectacular. Nuestros invitados quedaron encantados.\u201d<\/p><ul data-spread=\"false\"><li><p><strong>Carlos R.<\/strong><\/p><\/li><\/ul>\t\t\t\t\t\t\t\t<\/div>\n\t\t\t\t<\/div>\n\t\t\t\t<\/div>\n\t\t<div class=\"elementor-element elementor-element-e8de63e e-con-full e-flex e-con e-child\" data-id=\"e8de63e\" data-element_type=\"container\">\n\t\t\t\t<div class=\"elementor-element elementor-element-354a3cb elementor-widget elementor-widget-text-editor\" data-id=\"354a3cb\" data-element_type=\"widget\" data-widget_type=\"text-editor.default\">\n\t\t\t\t<div class=\"elementor-widget-container\">\n\t\t\t\t\t\t\t\t\t<p data-pm-slice=\"1 3 []\">\u201cProfesionalismo y sabor en cada plato. El servicio fue excelente y la comida deliciosa. Recomendado al 100%.\u201d<\/p><ul data-spread=\"false\"><li><p><strong>Sof\u00eda L.<\/strong><\/p><\/li><\/ul>\t\t\t\t\t\t\t\t<\/div>\n\t\t\t\t<\/div>\n\t\t\t\t<\/div>\n\t\t\t\t\t<\/div>\n\t\t\t\t<\/div>\n\t\t<footer class=\"elementor-element elementor-element-2e131882 e-con-full e-flex e-con e-parent\" data-id=\"2e131882\" data-element_type=\"container\" id=\"contacto\">\n\t\t<div class=\"elementor-element elementor-element-955a31a e-con-full e-flex e-con e-child\" data-id=\"955a31a\" data-element_type=\"container\">\n\t\t\t\t<div class=\"elementor-element elementor-element-0a128a6 elementor-widget elementor-widget-image\" data-id=\"0a128a6\" data-element_type=\"widget\" data-widget_type=\"image.default\">\n\t\t\t\t<div class=\"elementor-widget-container\">\n\t\t\t\t\t\t\t\t\t\t\t\t\t\t\t<img loading=\"lazy\" decoding=\"async\" width=\"800\" height=\"800\" src=\"https:\/\/servhirugo.com\/wp-content\/uploads\/2025\/03\/800x800-4.jpg\" class=\"attachment-large size-large wp-image-55\" alt=\"\" srcset=\"https:\/\/servhirugo.com\/wp-content\/uploads\/2025\/03\/800x800-4.jpg 800w, https:\/\/servhirugo.com\/wp-content\/uploads\/2025\/03\/800x800-4-300x300.jpg 300w, https:\/\/servhirugo.com\/wp-content\/uploads\/2025\/03\/800x800-4-150x150.jpg 150w, https:\/\/servhirugo.com\/wp-content\/uploads\/2025\/03\/800x800-4-768x768.jpg 768w\" sizes=\"(max-width: 800px) 100vw, 800px\" \/>\t\t\t\t\t\t\t\t\t\t\t\t\t\t\t<\/div>\n\t\t\t\t<\/div>\n\t\t\t\t<\/div>\n\t\t<div class=\"elementor-element elementor-element-730f33ba e-con-full e-flex e-con e-child\" data-id=\"730f33ba\" data-element_type=\"container\">\n\t\t\t\t<div class=\"elementor-element elementor-element-30c2c257 elementor-align-center elementor-tablet-align-left elementor-mobile-align-center elementor-icon-list--layout-traditional elementor-list-item-link-full_width elementor-widget elementor-widget-icon-list\" data-id=\"30c2c257\" data-element_type=\"widget\" data-widget_type=\"icon-list.default\">\n\t\t\t\t<div class=\"elementor-widget-container\">\n\t\t\t\t\t\t\t<ul class=\"elementor-icon-list-items\">\n\t\t\t\t\t\t\t<li class=\"elementor-icon-list-item\">\n\t\t\t\t\t\t\t\t\t\t<span class=\"elementor-icon-list-text\">info@servihirugo.com<\/span>\n\t\t\t\t\t\t\t\t\t<\/li>\n\t\t\t\t\t\t\t\t<li class=\"elementor-icon-list-item\">\n\t\t\t\t\t\t\t\t\t\t\t<span class=\"elementor-icon-list-icon\">\n\t\t\t\t\t\t\t<svg aria-hidden=\"true\" class=\"e-font-icon-svg e-fas-check\" viewBox=\"0 0 512 512\" xmlns=\"http:\/\/www.w3.org\/2000\/svg\"><path d=\"M173.898 439.404l-166.4-166.4c-9.997-9.997-9.997-26.206 0-36.204l36.203-36.204c9.997-9.998 26.207-9.998 36.204 0L192 312.69 432.095 72.596c9.997-9.997 26.207-9.997 36.204 0l36.203 36.204c9.997 9.997 9.997 26.206 0 36.204l-294.4 294.401c-9.998 9.997-26.207 9.997-36.204-.001z\"><\/path><\/svg>\t\t\t\t\t\t<\/span>\n\t\t\t\t\t\t\t\t\t\t<span class=\"elementor-icon-list-text\">Av. Venustiano Carranza, Mz 21, Col. Ejido San Agust\u00edn Atlapulco, Chimalhuac\u00e1n, Estado de M\u00e9xico, C.P. 56344<\/span>\n\t\t\t\t\t\t\t\t\t<\/li>\n\t\t\t\t\t\t<\/ul>\n\t\t\t\t\t\t<\/div>\n\t\t\t\t<\/div>\n\t\t\t\t<\/div>\n\t\t\t\t<\/footer>\n\t\t<div class=\"elementor-element elementor-element-11685d70 e-con-full e-flex e-con e-parent\" data-id=\"11685d70\" data-element_type=\"container\" data-settings=\"{&quot;background_background&quot;:&quot;classic&quot;}\">\n\t\t\t\t<div class=\"elementor-element elementor-element-7c0fdca9 elementor-widget elementor-widget-heading\" data-id=\"7c0fdca9\" data-element_type=\"widget\" data-widget_type=\"heading.default\">\n\t\t\t\t<div class=\"elementor-widget-container\">\n\t\t\t\t\t<p class=\"elementor-heading-title elementor-size-default\">\u00a9 2026 All Rights Reserved.<\/p>\t\t\t\t<\/div>\n\t\t\t\t<\/div>\n\t\t\t\t<\/div>\n\t\t\t\t<\/div>\n\t\t","protected":false},"excerpt":{"rendered":"<p>Qui\u00e9nes Somos SERV HIRUGO S.A. DE C.V. se dedica a la promoci\u00f3n, desarrollo, administraci\u00f3n, operaci\u00f3n, explotaci\u00f3n, compra, venta o arrendamiento de toda clase de negocios relacionados con restaurantes, bares y espect\u00e1culos, as\u00ed como actividades de recreaci\u00f3n y esparcimiento. Nuestro compromiso es ofrecer servicios gastron\u00f3micos de la m\u00e1s alta calidad tanto a nivel nacional como internacional. [&hellip;]<\/p>\n","protected":false},"author":1,"featured_media":0,"parent":0,"menu_order":0,"comment_status":"closed","ping_status":"closed","template":"","meta":{"footnotes":""},"class_list":["post-8","page","type-page","status-publish","hentry"],"_links":{"self":[{"href":"https:\/\/servhirugo.com\/index.php\/wp-json\/wp\/v2\/pages\/8","targetHints":{"allow":["GET"]}}],"collection":[{"href":"https:\/\/servhirugo.com\/index.php\/wp-json\/wp\/v2\/pages"}],"about":[{"href":"https:\/\/servhirugo.com\/index.php\/wp-json\/wp\/v2\/types\/page"}],"author":[{"embeddable":true,"href":"https:\/\/servhirugo.com\/index.php\/wp-json\/wp\/v2\/users\/1"}],"replies":[{"embeddable":true,"href":"https:\/\/servhirugo.com\/index.php\/wp-json\/wp\/v2\/comments?post=8"}],"version-history":[{"count":55,"href":"https:\/\/servhirugo.com\/index.php\/wp-json\/wp\/v2\/pages\/8\/revisions"}],"predecessor-version":[{"id":113,"href":"https:\/\/servhirugo.com\/index.php\/wp-json\/wp\/v2\/pages\/8\/revisions\/113"}],"wp:attachment":[{"href":"https:\/\/servhirugo.com\/index.php\/wp-json\/wp\/v2\/media?parent=8"}],"curies":[{"name":"wp","href":"https:\/\/api.w.org\/{rel}","templated":true}]}}